{"id":69,"date":"2026-04-06T20:13:34","date_gmt":"2026-04-06T20:13:34","guid":{"rendered":"https:\/\/peru-sardine-784145.hostingersite.com\/home\/"},"modified":"2026-04-08T13:57:06","modified_gmt":"2026-04-08T13:57:06","slug":"home","status":"publish","type":"page","link":"https:\/\/marinaonline.net\/en\/","title":{"rendered":"Home"},"content":{"rendered":"<div data-elementor-type=\"wp-page\" data-elementor-id=\"69\" class=\"elementor elementor-69\">\n\t\t\t\t<div class=\"elementor-element elementor-element-5c8adcf2 e-flex e-con-boxed e-con e-parent\" data-id=\"5c8adcf2\" data-element_type=\"container\" data-e-type=\"container\">\n\t\t\t\t\t<div class=\"e-con-inner\">\n\t\t\t\t<div class=\"elementor-element elementor-element-3e3f72ed elementor-widget elementor-widget-text-editor\" data-id=\"3e3f72ed\" data-element_type=\"widget\" data-e-type=\"widget\" data-widget_type=\"text-editor.default\">\n\t\t\t\t\t\t\t\t\t\n<section class=\"wp-block-group hero-section has-background is-layout-flow wp-block-group-is-layout-flow\" style=\"background-color: #0a2540; padding-top: 80px; padding-bottom: 80px;\">\n<h1 class=\"wp-block-heading has-text-align-center has-text-color\" style=\"color: #ffffff;\">Professional Marine Electronics<\/h1>\n\n<p class=\"has-text-align-center has-text-color\" style=\"color: #b0c4de;\">Everything you need for your boat. Navigation, communications, power systems and more.<\/p>\n\n<div class=\"wp-block-buttons is-content-justification-center is-layout-flex wp-container-core-buttons-is-layout-a89b3969 wp-block-buttons-is-layout-flex\">\n<div class=\"wp-block-button\"><a class=\"wp-block-button__link has-white-color has-vivid-cyan-blue-background-color has-text-color has-background wp-element-button\" href=\"\/en\/shop\/\">View Products<\/a><\/div>\n\n<div class=\"wp-block-button\"><a class=\"wp-block-button__link has-text-color has-background wp-element-button\" style=\"color: #0a2540; background-color: #ffffff;\" href=\"mailto:info@marinaonline.net\">Request Installation Quote<\/a><\/div>\n<\/div>\n<\/section>\n\n<section class=\"wp-block-group categories-section is-layout-flow wp-block-group-is-layout-flow\" style=\"padding-top: 60px; padding-bottom: 60px;\">\n<h2 class=\"wp-block-heading has-text-align-center\">Categories<\/h2>\n\n<div class=\"wp-block-columns categories-grid is-layout-flex wp-container-core-columns-is-layout-28f84493 wp-block-columns-is-layout-flex\">\n<div class=\"wp-block-column is-layout-flow wp-block-column-is-layout-flow\">\n<div class=\"wp-block-group has-vivid-cyan-blue-color has-text-color has-background is-layout-flow wp-block-group-is-layout-flow\" style=\"border-radius: 8px; background-color: #f0f4f8; padding: 30px 20px 30px 20px;\">\n<h3 class=\"wp-block-heading has-text-align-center\">GPS &amp; Plotters<\/h3>\n<\/div>\n<\/div>\n\n<div class=\"wp-block-column is-layout-flow wp-block-column-is-layout-flow\">\n<div class=\"wp-block-group has-background is-layout-flow wp-block-group-is-layout-flow\" style=\"border-radius: 8px; background-color: #f0f4f8; padding: 30px 20px 30px 20px;\">\n<h3 class=\"wp-block-heading has-text-align-center\">VHF &amp; Communications<\/h3>\n<\/div>\n<\/div>\n\n<div class=\"wp-block-column is-layout-flow wp-block-column-is-layout-flow\">\n<div class=\"wp-block-group has-background is-layout-flow wp-block-group-is-layout-flow\" style=\"border-radius: 8px; background-color: #f0f4f8; padding: 30px 20px 30px 20px;\">\n<h3 class=\"wp-block-heading has-text-align-center\">AIS Systems<\/h3>\n<\/div>\n<\/div>\n\n<div class=\"wp-block-column is-layout-flow wp-block-column-is-layout-flow\">\n<div class=\"wp-block-group has-background is-layout-flow wp-block-group-is-layout-flow\" style=\"border-radius: 8px; background-color: #f0f4f8; padding: 30px 20px 30px 20px;\">\n<h3 class=\"wp-block-heading has-text-align-center\">Autopilots<\/h3>\n<\/div>\n<\/div>\n<\/div>\n\n<div class=\"wp-block-columns categories-grid is-layout-flex wp-container-core-columns-is-layout-28f84493 wp-block-columns-is-layout-flex\">\n<div class=\"wp-block-column is-layout-flow wp-block-column-is-layout-flow\">\n<div class=\"wp-block-group has-background is-layout-flow wp-block-group-is-layout-flow\" style=\"border-radius: 8px; background-color: #f0f4f8; padding: 30px 20px 30px 20px;\">\n<h3 class=\"wp-block-heading has-text-align-center\">Batteries &amp; Solar Power<\/h3>\n<\/div>\n<\/div>\n\n<div class=\"wp-block-column is-layout-flow wp-block-column-is-layout-flow\">\n<div class=\"wp-block-group has-background is-layout-flow wp-block-group-is-layout-flow\" style=\"border-radius: 8px; background-color: #f0f4f8; padding: 30px 20px 30px 20px;\">\n<h3 class=\"wp-block-heading has-text-align-center\">Inverters &amp; Chargers<\/h3>\n<\/div>\n<\/div>\n\n<div class=\"wp-block-column is-layout-flow wp-block-column-is-layout-flow\">\n<div class=\"wp-block-group has-background is-layout-flow wp-block-group-is-layout-flow\" style=\"border-radius: 8px; background-color: #f0f4f8; padding: 30px 20px 30px 20px;\">\n<h3 class=\"wp-block-heading has-text-align-center\">NMEA 2000<\/h3>\n<\/div>\n<\/div>\n\n<div class=\"wp-block-column is-layout-flow wp-block-column-is-layout-flow\">\n<div class=\"wp-block-group has-background is-layout-flow wp-block-group-is-layout-flow\" style=\"border-radius: 8px; background-color: #f0f4f8; padding: 30px 20px 30px 20px;\">\n<h3 class=\"wp-block-heading has-text-align-center\">Maritime Starlink<\/h3>\n<\/div>\n<\/div>\n<\/div>\n<\/section>\n\n<section class=\"wp-block-group installation-section has-background is-layout-flow wp-block-group-is-layout-flow\" style=\"background-color: #0a2540; padding-top: 70px; padding-bottom: 70px;\">\n<h2 class=\"wp-block-heading has-text-align-center has-text-color\" style=\"color: #ffffff;\">Professional Installation Service<\/h2>\n\n<p class=\"has-text-align-center has-text-color\" style=\"color: #b0c4de;\">Need equipment installed? At Marina Online we don't just sell marine electronics, we also offer professional installation services. Request your no-obligation quote and receive it directly to your email.<\/p>\n\n<div class=\"wp-block-buttons is-content-justification-center is-layout-flex wp-container-core-buttons-is-layout-a89b3969 wp-block-buttons-is-layout-flex\">\n<div class=\"wp-block-button\"><a class=\"wp-block-button__link has-text-color has-background wp-element-button\" style=\"color: #000000; background-color: #f0a500;\" href=\"mailto:info@marinaonline.net?subject=Solicitud de Presupuesto de Instalaci\u00f3n\">Request Quote<\/a><\/div>\n<\/div>\n<\/section>\n\n<section class=\"wp-block-group brands-section is-layout-flow wp-block-group-is-layout-flow\" style=\"padding-top: 60px; padding-bottom: 60px;\">\n<h2 class=\"wp-block-heading has-text-align-center\">Leading Brands<\/h2>\n\n<p class=\"has-text-align-center\" style=\"font-size: 1.2em;\"><strong>Victron Energy<\/strong> | <strong>Garmin<\/strong> | <strong>Raymarine<\/strong> | <strong>Simrad<\/strong> | <strong>Icom<\/strong> | <strong>C-Zone<\/strong><\/p>\n<\/section>\n\n<section class=\"wp-block-group about-section has-background is-layout-flow wp-block-group-is-layout-flow\" style=\"background-color: #f8f9fa; padding-top: 60px; padding-bottom: 60px;\">\n<h2 class=\"wp-block-heading has-text-align-center\">Why Marina Online?<\/h2>\n\n<div class=\"wp-block-columns is-layout-flex wp-container-core-columns-is-layout-28f84493 wp-block-columns-is-layout-flex\">\n<div class=\"wp-block-column is-layout-flow wp-block-column-is-layout-flow\">\n<div class=\"wp-block-group has-background is-layout-flow wp-block-group-is-layout-flow\" style=\"border-radius: 8px; background-color: #ffffff; padding: 30px 25px 30px 25px;\">\n<h3 class=\"wp-block-heading has-text-align-center\">Marine electronics specialists<\/h3>\n<\/div>\n<\/div>\n\n<div class=\"wp-block-column is-layout-flow wp-block-column-is-layout-flow\">\n<div class=\"wp-block-group has-background is-layout-flow wp-block-group-is-layout-flow\" style=\"border-radius: 8px; background-color: #ffffff; padding: 30px 25px 30px 25px;\">\n<h3 class=\"wp-block-heading has-text-align-center\">Shipping across Spain<\/h3>\n<\/div>\n<\/div>\n\n<div class=\"wp-block-column is-layout-flow wp-block-column-is-layout-flow\">\n<div class=\"wp-block-group has-background is-layout-flow wp-block-group-is-layout-flow\" style=\"border-radius: 8px; background-color: #ffffff; padding: 30px 25px 30px 25px;\">\n<h3 class=\"wp-block-heading has-text-align-center\">Professional installation service<\/h3>\n<\/div>\n<\/div>\n\n<div class=\"wp-block-column is-layout-flow wp-block-column-is-layout-flow\">\n<div class=\"wp-block-group has-background is-layout-flow wp-block-group-is-layout-flow\" style=\"border-radius: 8px; background-color: #ffffff; padding: 30px 25px 30px 25px;\">\n<h3 class=\"wp-block-heading has-text-align-center\">Personalized customer support<\/h3>\n<\/div>\n<\/div>\n<\/div>\n<\/section>\n\t\t\t\t\t\t\t\t<\/div>\n\t\t\t\t\t<\/div>\n\t\t\t\t<\/div>\n\t\t\t\t<\/div>","protected":false},"excerpt":{"rendered":"<p>Electr\u00f3nica Marina Profesional Todo lo que necesitas para tu embarcaci\u00f3n. Equipos de navegaci\u00f3n, comunicaciones, energ\u00eda y m\u00e1s. Categor\u00edas \ud83e\udded GPS [&hellip;]<\/p>\n","protected":false},"author":1,"featured_media":0,"parent":0,"menu_order":0,"comment_status":"closed","ping_status":"closed","template":"","meta":{"_surecart_dashboard_logo_width":"180px","_surecart_dashboard_show_logo":true,"_surecart_dashboard_navigation_orders":true,"_surecart_dashboard_navigation_invoices":true,"_surecart_dashboard_navigation_subscriptions":true,"_surecart_dashboard_navigation_downloads":true,"_surecart_dashboard_navigation_billing":true,"_surecart_dashboard_navigation_account":true,"_uag_custom_page_level_css":"","site-sidebar-layout":"default","site-content-layout":"","ast-site-content-layout":"default","site-content-style":"default","site-sidebar-style":"default","ast-global-header-display":"","ast-banner-title-visibility":"","ast-main-header-display":"","ast-hfb-above-header-display":"","ast-hfb-below-header-display":"","ast-hfb-mobile-header-display":"","site-post-title":"","ast-breadcrumbs-content":"","ast-featured-img":"","footer-sml-layout":"","ast-disable-related-posts":"","theme-transparent-header-meta":"","adv-header-id-meta":"","stick-header-meta":"","header-above-stick-meta":"","header-main-stick-meta":"","header-below-stick-meta":"","astra-migrate-meta-layouts":"default","ast-page-background-enabled":"default","ast-page-background-meta":{"desktop":{"background-color":"var(--ast-global-color-5)","background-image":"","background-repeat":"repeat","background-position":"center center","background-size":"auto","background-attachment":"scroll","background-type":"","background-media":"","overlay-type":"","overlay-color":"","overlay-opacity":"","overlay-gradient":""},"tablet":{"background-color":"","background-image":"","background-repeat":"repeat","background-position":"center center","background-size":"auto","background-attachment":"scroll","background-type":"","background-media":"","overlay-type":"","overlay-color":"","overlay-opacity":"","overlay-gradient":""},"mobile":{"background-color":"","background-image":"","background-repeat":"repeat","background-position":"center center","background-size":"auto","background-attachment":"scroll","background-type":"","background-media":"","overlay-type":"","overlay-color":"","overlay-opacity":"","overlay-gradient":""}},"ast-content-background-meta":{"desktop":{"background-color":"var(--ast-global-color-4)","background-image":"","background-repeat":"repeat","background-position":"center center","background-size":"auto","background-attachment":"scroll","background-type":"","background-media":"","overlay-type":"","overlay-color":"","overlay-opacity":"","overlay-gradient":""},"tablet":{"background-color":"var(--ast-global-color-4)","background-image":"","background-repeat":"repeat","background-position":"center center","background-size":"auto","background-attachment":"scroll","background-type":"","background-media":"","overlay-type":"","overlay-color":"","overlay-opacity":"","overlay-gradient":""},"mobile":{"background-color":"var(--ast-global-color-4)","background-image":"","background-repeat":"repeat","background-position":"center center","background-size":"auto","background-attachment":"scroll","background-type":"","background-media":"","overlay-type":"","overlay-color":"","overlay-opacity":"","overlay-gradient":""}},"footnotes":""},"class_list":["post-69","page","type-page","status-publish","hentry"],"_hostinger_reach_plugin_has_subscription_block":false,"_hostinger_reach_plugin_is_elementor":false,"uagb_featured_image_src":{"full":false,"thumbnail":false,"medium":false,"medium_large":false,"large":false,"1536x1536":false,"2048x2048":false,"trp-custom-language-flag":false},"uagb_author_info":{"display_name":"info@marinaonline.net","author_link":"https:\/\/marinaonline.net\/en\/author\/infomarinaonline-net\/"},"uagb_comment_info":0,"uagb_excerpt":"Electr\u00f3nica Marina Profesional Todo lo que necesitas para tu embarcaci\u00f3n. Equipos de navegaci\u00f3n, comunicaciones, energ\u00eda y m\u00e1s. Categor\u00edas \ud83e\udded GPS [&hellip;]","_links":{"self":[{"href":"https:\/\/marinaonline.net\/en\/wp-json\/wp\/v2\/pages\/69","targetHints":{"allow":["GET"]}}],"collection":[{"href":"https:\/\/marinaonline.net\/en\/wp-json\/wp\/v2\/pages"}],"about":[{"href":"https:\/\/marinaonline.net\/en\/wp-json\/wp\/v2\/types\/page"}],"author":[{"embeddable":true,"href":"https:\/\/marinaonline.net\/en\/wp-json\/wp\/v2\/users\/1"}],"replies":[{"embeddable":true,"href":"https:\/\/marinaonline.net\/en\/wp-json\/wp\/v2\/comments?post=69"}],"version-history":[{"count":6,"href":"https:\/\/marinaonline.net\/en\/wp-json\/wp\/v2\/pages\/69\/revisions"}],"predecessor-version":[{"id":920,"href":"https:\/\/marinaonline.net\/en\/wp-json\/wp\/v2\/pages\/69\/revisions\/920"}],"wp:attachment":[{"href":"https:\/\/marinaonline.net\/en\/wp-json\/wp\/v2\/media?parent=69"}],"curies":[{"name":"wp","href":"https:\/\/api.w.org\/{rel}","templated":true}]}}