{"id":708,"date":"2026-04-06T20:13:35","date_gmt":"2026-04-06T20:13:35","guid":{"rendered":"https:\/\/peru-sardine-784145.hostingersite.com\/contact-us\/"},"modified":"2026-04-07T17:38:48","modified_gmt":"2026-04-07T17:38:48","slug":"contact-us","status":"publish","type":"page","link":"https:\/\/marinaonline.net\/en\/contact-us\/","title":{"rendered":"Contact"},"content":{"rendered":"<h2 class=\"wp-block-heading\">Contact Us<\/h2>\n\n\n\n<p>We're here to help you with any questions about marine electronics or installation services.<\/p>\n\n\n\n<p>\ud83d\udce7 Email: info@marinaonline.net<br>\ud83d\udccd Location: Palma de Mallorca, Spain<\/p>\n\n\n\n<h3 class=\"wp-block-heading\">Request Your Installation Quote:<\/h3>\n\n\n\n<p>Buying a product and need professional installation? Send us an email at info@marinaonline.net with the details of your boat and the equipment you need, and we'll send you a no-obligation quote.<\/p>\n\n\n\n<h3 class=\"wp-block-heading\">Business Hours:<\/h3>\n\n\n\n<p>Monday to Friday: 9:00 AM - 6:00 PM<br>Saturday: 9:00 AM - 2:00 PM<\/p>","protected":false},"excerpt":{"rendered":"<p>Contacta con Nosotros Estamos aqu\u00ed para ayudarte con cualquier consulta sobre electr\u00f3nica marina o servicios de instalaci\u00f3n. \ud83d\udce7 Email: info@marinaonline.net\ud83d\udccd [&hellip;]<\/p>\n","protected":false},"author":1,"featured_media":0,"parent":0,"menu_order":0,"comment_status":"closed","ping_status":"closed","template":"","meta":{"_surecart_dashboard_logo_width":"180px","_surecart_dashboard_show_logo":true,"_surecart_dashboard_navigation_orders":true,"_surecart_dashboard_navigation_invoices":true,"_surecart_dashboard_navigation_subscriptions":true,"_surecart_dashboard_navigation_downloads":true,"_surecart_dashboard_navigation_billing":true,"_surecart_dashboard_navigation_account":true,"_uag_custom_page_level_css":"","site-sidebar-layout":"default","site-content-layout":"","ast-site-content-layout":"default","site-content-style":"default","site-sidebar-style":"default","ast-global-header-display":"","ast-banner-title-visibility":"","ast-main-header-display":"","ast-hfb-above-header-display":"","ast-hfb-below-header-display":"","ast-hfb-mobile-header-display":"","site-post-title":"disabled","ast-breadcrumbs-content":"","ast-featured-img":"","footer-sml-layout":"","ast-disable-related-posts":"","theme-transparent-header-meta":"","adv-header-id-meta":"","stick-header-meta":"","header-above-stick-meta":"","header-main-stick-meta":"","header-below-stick-meta":"","astra-migrate-meta-layouts":"default","ast-page-background-enabled":"default","ast-page-background-meta":{"desktop":{"background-color":"var(--ast-global-color-5)","background-image":"","background-repeat":"repeat","background-position":"center center","background-size":"auto","background-attachment":"scroll","background-type":"","background-media":"","overlay-type":"","overlay-color":"","overlay-opacity":"","overlay-gradient":""},"tablet":{"background-color":"","background-image":"","background-repeat":"repeat","background-position":"center center","background-size":"auto","background-attachment":"scroll","background-type":"","background-media":"","overlay-type":"","overlay-color":"","overlay-opacity":"","overlay-gradient":""},"mobile":{"background-color":"","background-image":"","background-repeat":"repeat","background-position":"center center","background-size":"auto","background-attachment":"scroll","background-type":"","background-media":"","overlay-type":"","overlay-color":"","overlay-opacity":"","overlay-gradient":""}},"ast-content-background-meta":{"desktop":{"background-color":"var(--ast-global-color-4)","background-image":"","background-repeat":"repeat","background-position":"center center","background-size":"auto","background-attachment":"scroll","background-type":"","background-media":"","overlay-type":"","overlay-color":"","overlay-opacity":"","overlay-gradient":""},"tablet":{"background-color":"var(--ast-global-color-4)","background-image":"","background-repeat":"repeat","background-position":"center center","background-size":"auto","background-attachment":"scroll","background-type":"","background-media":"","overlay-type":"","overlay-color":"","overlay-opacity":"","overlay-gradient":""},"mobile":{"background-color":"var(--ast-global-color-4)","background-image":"","background-repeat":"repeat","background-position":"center center","background-size":"auto","background-attachment":"scroll","background-type":"","background-media":"","overlay-type":"","overlay-color":"","overlay-opacity":"","overlay-gradient":""}},"footnotes":""},"class_list":["post-708","page","type-page","status-publish","hentry"],"_hostinger_reach_plugin_has_subscription_block":false,"_hostinger_reach_plugin_is_elementor":false,"uagb_featured_image_src":{"full":false,"thumbnail":false,"medium":false,"medium_large":false,"large":false,"1536x1536":false,"2048x2048":false,"trp-custom-language-flag":false},"uagb_author_info":{"display_name":"info@marinaonline.net","author_link":"https:\/\/marinaonline.net\/en\/author\/infomarinaonline-net\/"},"uagb_comment_info":0,"uagb_excerpt":"Contacta con Nosotros Estamos aqu\u00ed para ayudarte con cualquier consulta sobre electr\u00f3nica marina o servicios de instalaci\u00f3n. \ud83d\udce7 Email: info@marinaonline.net\ud83d\udccd [&hellip;]","_links":{"self":[{"href":"https:\/\/marinaonline.net\/en\/wp-json\/wp\/v2\/pages\/708","targetHints":{"allow":["GET"]}}],"collection":[{"href":"https:\/\/marinaonline.net\/en\/wp-json\/wp\/v2\/pages"}],"about":[{"href":"https:\/\/marinaonline.net\/en\/wp-json\/wp\/v2\/types\/page"}],"author":[{"embeddable":true,"href":"https:\/\/marinaonline.net\/en\/wp-json\/wp\/v2\/users\/1"}],"replies":[{"embeddable":true,"href":"https:\/\/marinaonline.net\/en\/wp-json\/wp\/v2\/comments?post=708"}],"version-history":[{"count":2,"href":"https:\/\/marinaonline.net\/en\/wp-json\/wp\/v2\/pages\/708\/revisions"}],"predecessor-version":[{"id":901,"href":"https:\/\/marinaonline.net\/en\/wp-json\/wp\/v2\/pages\/708\/revisions\/901"}],"wp:attachment":[{"href":"https:\/\/marinaonline.net\/en\/wp-json\/wp\/v2\/media?parent=708"}],"curies":[{"name":"wp","href":"https:\/\/api.w.org\/{rel}","templated":true}]}}